{"id":83,"date":"2018-05-15T10:14:34","date_gmt":"2018-05-15T08:14:34","guid":{"rendered":"http:\/\/lecture.jose-marcio.org\/blog\/?page_id=83"},"modified":"2023-12-01T15:32:37","modified_gmt":"2023-12-01T14:32:37","slug":"a-propos","status":"publish","type":"page","link":"https:\/\/lecture.jose-marcio.org\/blog\/a-propos\/","title":{"rendered":"A propos&#8230;"},"content":{"rendered":"<h2 style=\"text-align: justify;\">Pourquoi un blog de lecture ?<\/h2>\n<p><img loading=\"lazy\" decoding=\"async\" class=\"alignleft size-medium wp-image-810\" src=\"http:\/\/lecture.jose-marcio.org\/blog\/wp-content\/uploads\/2020\/12\/7f36e683f4686685a92bbcfda3c4ecb96da85b289c529777ea1dc3dd9c48acd3.0-300x300.png\" alt=\"\" width=\"300\" height=\"300\" srcset=\"https:\/\/lecture.jose-marcio.org\/blog\/wp-content\/uploads\/2020\/12\/7f36e683f4686685a92bbcfda3c4ecb96da85b289c529777ea1dc3dd9c48acd3.0-300x300.png 300w, https:\/\/lecture.jose-marcio.org\/blog\/wp-content\/uploads\/2020\/12\/7f36e683f4686685a92bbcfda3c4ecb96da85b289c529777ea1dc3dd9c48acd3.0-150x150.png 150w, https:\/\/lecture.jose-marcio.org\/blog\/wp-content\/uploads\/2020\/12\/7f36e683f4686685a92bbcfda3c4ecb96da85b289c529777ea1dc3dd9c48acd3.0.png 398w\" sizes=\"auto, (max-width: 300px) 100vw, 300px\" \/>Et bien&#8230; ce ne sont pas ni de r\u00e9sum\u00e9s et surtout pas de la critique litt\u00e9raire. Peut-\u00eatre que \u00ab\u00a0fiches de lecture\u00a0\u00bb serait plus appropri\u00e9.<\/p>\n<p>Il s&rsquo;agit juste de quelques pens\u00e9es que j&rsquo;ai estim\u00e9 utiles, apr\u00e8s lecture. Quelques id\u00e9es que j&rsquo;ai retenu. Disons&#8230; <em>\u00ab\u00a0une impression\u00a0\u00bb<\/em>. Une impression compl\u00e8tement subjective, \u00e0 chaud, qui pourrait \u00eatre diff\u00e9rente selon mon humeur ou le moment o\u00f9 le livre a \u00e9t\u00e9 lu.<\/p>\n<p>Il n&rsquo;y a aucune logique, aucun ordre, aucun sch\u00e9ma. Parfois j&rsquo;\u00e9cris plus, parfois moins, selon l&rsquo;inspiration.<\/p>\n<p>Peut-\u00eatre pour me rappeler apr\u00e8s ou alors comme indicateur de l&rsquo;int\u00e9r\u00eat (pour moi). Encore une fois, une opinion tout \u00e0 fait personnelle.<\/p>\n<p>Est-ce que les titres ici correspondent \u00e0 tout ce que j&rsquo;ai lu ces derni\u00e8res ann\u00e9es ? Non. pendant longtemps je n&rsquo;ai rien \u00e9crit. Une partie des commentaires faits jusqu&rsquo;ici sont des commentaires que j&rsquo;avais \u00e9crit pour un site de vente en ligne. J&rsquo;ai recopi\u00e9 ici ceux que j&rsquo;ai estim\u00e9 utiles. A partir de maintenant, j&rsquo;\u00e9crirai directement ici.<\/p>\n<p>Les livres que je n&rsquo;ai pas aim\u00e9&#8230; Certains, pas la peine de commenter. D&rsquo;autres, m\u00e9ritent que je dise pourquoi je ne les ai pas appr\u00e9ci\u00e9.<\/p>\n<p><strong>Remarque au sujet des commentaires :<\/strong> vous remarquerez que les commentaires sont d\u00e9sactiv\u00e9s. La raison est que parfois les livres peuvent toucher des sujets qui peuvent rapidement devenir conflictuels. Si j&rsquo;appr\u00e9cie la discussion, je souhaite \u00e9viter la pol\u00e9mique. Ce que j&rsquo;ai dit ici, c&rsquo;est mon opinion personnelle, chacun a la sienne.<\/p>\n<p>&nbsp;<\/p>\n","protected":false},"excerpt":{"rendered":"<p>Pourquoi un blog de lecture ? Et bien&#8230; ce ne sont pas ni de r\u00e9sum\u00e9s et surtout pas de la critique litt\u00e9raire. Peut-\u00eatre que \u00ab\u00a0fiches de lecture\u00a0\u00bb serait plus appropri\u00e9. Il s&rsquo;agit juste de quelques pens\u00e9es que j&rsquo;ai estim\u00e9 utiles,<\/p>\n","protected":false},"author":1,"featured_media":0,"parent":0,"menu_order":0,"comment_status":"closed","ping_status":"closed","template":"","meta":{"footnotes":""},"class_list":["post-83","page","type-page","status-publish","hentry","comments-off"],"_links":{"self":[{"href":"https:\/\/lecture.jose-marcio.org\/blog\/wp-json\/wp\/v2\/pages\/83","targetHints":{"allow":["GET"]}}],"collection":[{"href":"https:\/\/lecture.jose-marcio.org\/blog\/wp-json\/wp\/v2\/pages"}],"about":[{"href":"https:\/\/lecture.jose-marcio.org\/blog\/wp-json\/wp\/v2\/types\/page"}],"author":[{"embeddable":true,"href":"https:\/\/lecture.jose-marcio.org\/blog\/wp-json\/wp\/v2\/users\/1"}],"replies":[{"embeddable":true,"href":"https:\/\/lecture.jose-marcio.org\/blog\/wp-json\/wp\/v2\/comments?post=83"}],"version-history":[{"count":2,"href":"https:\/\/lecture.jose-marcio.org\/blog\/wp-json\/wp\/v2\/pages\/83\/revisions"}],"predecessor-version":[{"id":3082,"href":"https:\/\/lecture.jose-marcio.org\/blog\/wp-json\/wp\/v2\/pages\/83\/revisions\/3082"}],"wp:attachment":[{"href":"https:\/\/lecture.jose-marcio.org\/blog\/wp-json\/wp\/v2\/media?parent=83"}],"curies":[{"name":"wp","href":"https:\/\/api.w.org\/{rel}","templated":true}]}}